{"id":63,"date":"2024-08-09T00:47:33","date_gmt":"2024-08-09T00:47:33","guid":{"rendered":"https:\/\/mexicotoad.com\/?page_id=63"},"modified":"2024-08-09T00:47:33","modified_gmt":"2024-08-09T00:47:33","slug":"usa-service-usps-mail-deliverys-all-over-the-us-new","status":"publish","type":"page","link":"https:\/\/mexicotoad.com\/index.php\/usa-service-usps-mail-deliverys-all-over-the-us-new\/","title":{"rendered":"USA Service \u2013 USPS mail deliverys all over the US (New)"},"content":{"rendered":"<p>08-08-2024 11:39 am.<\/p>\n<p><img loading=\"lazy\" decoding=\"async\" class=\"alignnone size-medium\" src=\"https:\/\/sandiegocream.com\/wp-content\/uploads\/2024\/08\/cropped-cropped-cropped-Screen-Shot-2022-04-20-at-14.51.29-1-1-300x300.png\" width=\"300\" height=\"300\" \/><\/p>\n<hr \/>\n<p>EN: Important read:<\/p>\n<p>Fam, we work with\u00a0<a href=\"http:\/\/www.sandiegocream.com\/\">http:\/\/www.sandiegocream.com<\/a>\u00a0(You can find the menu in the website)<\/p>\n<p>Its a crew from San Diego, California. Who send everywhere safely, from SD by USPS, everywhere in the U.S, we recieve a small fee, of every order you do with S.D.C Crew.<\/p>\n<p>For any contact with SDC:<\/p>\n<p>+527226024123 \u2013\u00a0 Text &amp; whatsapp &amp; telegram \u2013 We use mexican number, not US for safety.<\/p>\n<p>Telegram user:\u00a0 @sd49up<\/p>\n<p>email: sd49up@protonmail.com<\/p>\n<hr \/>\n<p>Espa\u00f1ol: Importante leer:<\/p>\n<p>Familia. estamos trabajando con http:\/\/www.sandiegocream.com (puedes encontrar el menu en el website)<\/p>\n<p>Es un crew de San Diego, California, envian a cualquier parte de US, desde San Diego, por USPS, nosotros recibimos una peque\u00f1a comision de cualquier pedido que hagas a traves de S.D.C Crew,<\/p>\n<p>&nbsp;<\/p>\n<p>Para cualquier contacto a SDC:<\/p>\n<p>+527226024123 \u2013\u00a0 Text &amp; whatsapp &amp; telegram \u2013 We use mexican number, not US for safety.<\/p>\n<p>Telegram user:\u00a0 @sd49up<\/p>\n<p>email: sd49up@protonmail.com<\/p>\n","protected":false},"excerpt":{"rendered":"<p>08-08-2024 11:39 am. EN: Important read: Fam, we work with\u00a0http:\/\/www.sandiegocream.com\u00a0(You can find the menu in the website) Its a crew from San Diego, California. Who send everywhere safely, from SD by USPS, everywhere in the U.S, we recieve a small fee, of every order you do with S.D.C Crew. For any contact with SDC: +527226024123 [&hellip;]<\/p>\n","protected":false},"author":1,"featured_media":0,"parent":0,"menu_order":0,"comment_status":"closed","ping_status":"closed","template":"","meta":{"footnotes":""},"class_list":["post-63","page","type-page","status-publish","hentry"],"yoast_head":"<!-- This site is optimized with the Yoast SEO plugin v27.4 - https:\/\/yoast.com\/product\/yoast-seo-wordpress\/ -->\n<title>USA Service \u2013 USPS mail deliverys all over the US (New) - Comprar Hongos Magicos Mexico - 420 Entrega en Casa y Envios Nacionales - Whatsapp: 00528135669557 \u2013 Eva Whatsapp Secundario : 00528132769756 Mike - Comprar Marihuana Monterrey Nuevo Leon San Pedro Garza Garcia- Entregas Monterrey - Envios Todo Mexico - 00528132769756 Whatsapp Alex - Comprar Hongos Psylocibe Mexico Envios Toda la Republica<\/title>\n<meta name=\"robots\" content=\"index, follow, max-snippet:-1, max-image-preview:large, max-video-preview:-1\" \/>\n<link rel=\"canonical\" href=\"https:\/\/mexicotoad.com\/index.php\/usa-service-usps-mail-deliverys-all-over-the-us-new\/\" \/>\n<meta property=\"og:locale\" content=\"es_ES\" \/>\n<meta property=\"og:type\" content=\"article\" \/>\n<meta property=\"og:title\" content=\"USA Service \u2013 USPS mail deliverys all over the US (New) - Comprar Hongos Magicos Mexico - 420 Entrega en Casa y Envios Nacionales - Whatsapp: 00528135669557 \u2013 Eva Whatsapp Secundario : 00528132769756 Mike - Comprar Marihuana Monterrey Nuevo Leon San Pedro Garza Garcia- Entregas Monterrey - Envios Todo Mexico - 00528132769756 Whatsapp Alex - Comprar Hongos Psylocibe Mexico Envios Toda la Republica\" \/>\n<meta property=\"og:description\" content=\"08-08-2024 11:39 am. EN: Important read: Fam, we work with\u00a0http:\/\/www.sandiegocream.com\u00a0(You can find the menu in the website) Its a crew from San Diego, California. Who send everywhere safely, from SD by USPS, everywhere in the U.S, we recieve a small fee, of every order you do with S.D.C Crew. For any contact with SDC: +527226024123 [&hellip;]\" \/>\n<meta property=\"og:url\" content=\"https:\/\/mexicotoad.com\/index.php\/usa-service-usps-mail-deliverys-all-over-the-us-new\/\" \/>\n<meta property=\"og:site_name\" content=\"Comprar Hongos Magicos Mexico - 420 Entrega en Casa y Envios Nacionales - Whatsapp: 00528135669557 \u2013 Eva Whatsapp Secundario : 00528132769756 Mike - Comprar Marihuana Monterrey Nuevo Leon San Pedro Garza Garcia- Entregas Monterrey - Envios Todo Mexico - 00528132769756 Whatsapp Alex - Comprar Hongos Psylocibe Mexico Envios Toda la Republica\" \/>\n<meta property=\"og:image\" content=\"https:\/\/sandiegocream.com\/wp-content\/uploads\/2024\/08\/cropped-cropped-cropped-Screen-Shot-2022-04-20-at-14.51.29-1-1-300x300.png\" \/>\n<meta name=\"twitter:card\" content=\"summary_large_image\" \/>\n<script type=\"application\/ld+json\" class=\"yoast-schema-graph\">{\"@context\":\"https:\\\/\\\/schema.org\",\"@graph\":[{\"@type\":\"WebPage\",\"@id\":\"https:\\\/\\\/mexicotoad.com\\\/index.php\\\/usa-service-usps-mail-deliverys-all-over-the-us-new\\\/\",\"url\":\"https:\\\/\\\/mexicotoad.com\\\/index.php\\\/usa-service-usps-mail-deliverys-all-over-the-us-new\\\/\",\"name\":\"USA Service \u2013 USPS mail deliverys all over the US (New) - Comprar Hongos Magicos Mexico - 420 Entrega en Casa y Envios Nacionales - Whatsapp: 00528135669557 \u2013 Eva Whatsapp Secundario : 00528132769756 Mike - Comprar Marihuana Monterrey Nuevo Leon San Pedro Garza Garcia- Entregas Monterrey - Envios Todo Mexico - 00528132769756 Whatsapp Alex - Comprar Hongos Psylocibe Mexico Envios Toda la Republica\",\"isPartOf\":{\"@id\":\"https:\\\/\\\/mexicotoad.com\\\/#website\"},\"primaryImageOfPage\":{\"@id\":\"https:\\\/\\\/mexicotoad.com\\\/index.php\\\/usa-service-usps-mail-deliverys-all-over-the-us-new\\\/#primaryimage\"},\"image\":{\"@id\":\"https:\\\/\\\/mexicotoad.com\\\/index.php\\\/usa-service-usps-mail-deliverys-all-over-the-us-new\\\/#primaryimage\"},\"thumbnailUrl\":\"https:\\\/\\\/sandiegocream.com\\\/wp-content\\\/uploads\\\/2024\\\/08\\\/cropped-cropped-cropped-Screen-Shot-2022-04-20-at-14.51.29-1-1-300x300.png\",\"datePublished\":\"2024-08-09T00:47:33+00:00\",\"breadcrumb\":{\"@id\":\"https:\\\/\\\/mexicotoad.com\\\/index.php\\\/usa-service-usps-mail-deliverys-all-over-the-us-new\\\/#breadcrumb\"},\"inLanguage\":\"es\",\"potentialAction\":[{\"@type\":\"ReadAction\",\"target\":[\"https:\\\/\\\/mexicotoad.com\\\/index.php\\\/usa-service-usps-mail-deliverys-all-over-the-us-new\\\/\"]}]},{\"@type\":\"ImageObject\",\"inLanguage\":\"es\",\"@id\":\"https:\\\/\\\/mexicotoad.com\\\/index.php\\\/usa-service-usps-mail-deliverys-all-over-the-us-new\\\/#primaryimage\",\"url\":\"https:\\\/\\\/sandiegocream.com\\\/wp-content\\\/uploads\\\/2024\\\/08\\\/cropped-cropped-cropped-Screen-Shot-2022-04-20-at-14.51.29-1-1-300x300.png\",\"contentUrl\":\"https:\\\/\\\/sandiegocream.com\\\/wp-content\\\/uploads\\\/2024\\\/08\\\/cropped-cropped-cropped-Screen-Shot-2022-04-20-at-14.51.29-1-1-300x300.png\"},{\"@type\":\"BreadcrumbList\",\"@id\":\"https:\\\/\\\/mexicotoad.com\\\/index.php\\\/usa-service-usps-mail-deliverys-all-over-the-us-new\\\/#breadcrumb\",\"itemListElement\":[{\"@type\":\"ListItem\",\"position\":1,\"name\":\"Portada\",\"item\":\"https:\\\/\\\/mexicotoad.com\\\/\"},{\"@type\":\"ListItem\",\"position\":2,\"name\":\"USA Service \u2013 USPS mail deliverys all over the US (New)\"}]},{\"@type\":\"WebSite\",\"@id\":\"https:\\\/\\\/mexicotoad.com\\\/#website\",\"url\":\"https:\\\/\\\/mexicotoad.com\\\/\",\"name\":\"Comprar Hongos Magicos Mexico - 420 Entrega en Casa y Envios Nacionales - Whatsapp: 00528135669557 \u2013 Eva Whatsapp Secundario : 00528132769756 Mike - Comprar Marihuana Monterrey Nuevo Leon San Pedro Garza Garcia- Entregas Monterrey - Envios Todo Mexico - 00528132769756 Whatsapp Alex - Comprar Hongos Psylocibe Mexico Envios Toda la Republica\",\"description\":\"hongos psicod\u00e9licos, hongos m\u00e1gicos, hongos terap\u00e9uticos, compra hongos psicod\u00e9licos, hongos alucin\u00f3genos, hongos psilocibina, hongos m\u00e1gicos de calidad, hongos alucin\u00f3genos M\u00e9xico, hongos m\u00e1gicos Monterrey, hongos psicod\u00e9licos M\u00e9xico, hongos terap\u00e9uticos M\u00e9xico, mejor calidad hongos m\u00e1gicos, hongos psilocibina calidad, hongos m\u00e1gicos para terapia, hongos psilocibina para bienestar, hongos psicod\u00e9licos legales, hongos alucin\u00f3genos legales M\u00e9xico, compra hongos m\u00e1gicos en l\u00ednea, tienda hongos m\u00e1gicos, venta de hongos psicod\u00e9licos, hongos psilocibina en M\u00e9xico, hongos m\u00e1gicos online, hongos alucin\u00f3genos terap\u00e9uticos, hongos m\u00e1gicos para crecimiento personal, hongos m\u00e1gicos con env\u00edo r\u00e1pido, hongos psilocibina precios, hongos m\u00e1gicos efectivos, hongos alucin\u00f3genos de calidad, hongos psicod\u00e9licos para meditaci\u00f3n, hongos terap\u00e9uticos para salud mental, hongos psilocibina en Monterrey, hongos m\u00e1gicos para introspecci\u00f3n, hongos alucin\u00f3genos para terapia, compra hongos m\u00e1gicos Monterrey, hongos psicod\u00e9licos para experiencias espirituales, hongos m\u00e1gicos confiables, hongos alucin\u00f3genos para bienestar\",\"potentialAction\":[{\"@type\":\"SearchAction\",\"target\":{\"@type\":\"EntryPoint\",\"urlTemplate\":\"https:\\\/\\\/mexicotoad.com\\\/?s={search_term_string}\"},\"query-input\":{\"@type\":\"PropertyValueSpecification\",\"valueRequired\":true,\"valueName\":\"search_term_string\"}}],\"inLanguage\":\"es\"}]}<\/script>\n<!-- \/ Yoast SEO plugin. -->","yoast_head_json":{"title":"USA Service \u2013 USPS mail deliverys all over the US (New) - Comprar Hongos Magicos Mexico - 420 Entrega en Casa y Envios Nacionales - Whatsapp: 00528135669557 \u2013 Eva Whatsapp Secundario : 00528132769756 Mike - Comprar Marihuana Monterrey Nuevo Leon San Pedro Garza Garcia- Entregas Monterrey - Envios Todo Mexico - 00528132769756 Whatsapp Alex - Comprar Hongos Psylocibe Mexico Envios Toda la Republica","robots":{"index":"index","follow":"follow","max-snippet":"max-snippet:-1","max-image-preview":"max-image-preview:large","max-video-preview":"max-video-preview:-1"},"canonical":"https:\/\/mexicotoad.com\/index.php\/usa-service-usps-mail-deliverys-all-over-the-us-new\/","og_locale":"es_ES","og_type":"article","og_title":"USA Service \u2013 USPS mail deliverys all over the US (New) - Comprar Hongos Magicos Mexico - 420 Entrega en Casa y Envios Nacionales - Whatsapp: 00528135669557 \u2013 Eva Whatsapp Secundario : 00528132769756 Mike - Comprar Marihuana Monterrey Nuevo Leon San Pedro Garza Garcia- Entregas Monterrey - Envios Todo Mexico - 00528132769756 Whatsapp Alex - Comprar Hongos Psylocibe Mexico Envios Toda la Republica","og_description":"08-08-2024 11:39 am. EN: Important read: Fam, we work with\u00a0http:\/\/www.sandiegocream.com\u00a0(You can find the menu in the website) Its a crew from San Diego, California. Who send everywhere safely, from SD by USPS, everywhere in the U.S, we recieve a small fee, of every order you do with S.D.C Crew. For any contact with SDC: +527226024123 [&hellip;]","og_url":"https:\/\/mexicotoad.com\/index.php\/usa-service-usps-mail-deliverys-all-over-the-us-new\/","og_site_name":"Comprar Hongos Magicos Mexico - 420 Entrega en Casa y Envios Nacionales - Whatsapp: 00528135669557 \u2013 Eva Whatsapp Secundario : 00528132769756 Mike - Comprar Marihuana Monterrey Nuevo Leon San Pedro Garza Garcia- Entregas Monterrey - Envios Todo Mexico - 00528132769756 Whatsapp Alex - Comprar Hongos Psylocibe Mexico Envios Toda la Republica","og_image":[{"url":"https:\/\/sandiegocream.com\/wp-content\/uploads\/2024\/08\/cropped-cropped-cropped-Screen-Shot-2022-04-20-at-14.51.29-1-1-300x300.png","type":"","width":"","height":""}],"twitter_card":"summary_large_image","schema":{"@context":"https:\/\/schema.org","@graph":[{"@type":"WebPage","@id":"https:\/\/mexicotoad.com\/index.php\/usa-service-usps-mail-deliverys-all-over-the-us-new\/","url":"https:\/\/mexicotoad.com\/index.php\/usa-service-usps-mail-deliverys-all-over-the-us-new\/","name":"USA Service \u2013 USPS mail deliverys all over the US (New) - Comprar Hongos Magicos Mexico - 420 Entrega en Casa y Envios Nacionales - Whatsapp: 00528135669557 \u2013 Eva Whatsapp Secundario : 00528132769756 Mike - Comprar Marihuana Monterrey Nuevo Leon San Pedro Garza Garcia- Entregas Monterrey - Envios Todo Mexico - 00528132769756 Whatsapp Alex - Comprar Hongos Psylocibe Mexico Envios Toda la Republica","isPartOf":{"@id":"https:\/\/mexicotoad.com\/#website"},"primaryImageOfPage":{"@id":"https:\/\/mexicotoad.com\/index.php\/usa-service-usps-mail-deliverys-all-over-the-us-new\/#primaryimage"},"image":{"@id":"https:\/\/mexicotoad.com\/index.php\/usa-service-usps-mail-deliverys-all-over-the-us-new\/#primaryimage"},"thumbnailUrl":"https:\/\/sandiegocream.com\/wp-content\/uploads\/2024\/08\/cropped-cropped-cropped-Screen-Shot-2022-04-20-at-14.51.29-1-1-300x300.png","datePublished":"2024-08-09T00:47:33+00:00","breadcrumb":{"@id":"https:\/\/mexicotoad.com\/index.php\/usa-service-usps-mail-deliverys-all-over-the-us-new\/#breadcrumb"},"inLanguage":"es","potentialAction":[{"@type":"ReadAction","target":["https:\/\/mexicotoad.com\/index.php\/usa-service-usps-mail-deliverys-all-over-the-us-new\/"]}]},{"@type":"ImageObject","inLanguage":"es","@id":"https:\/\/mexicotoad.com\/index.php\/usa-service-usps-mail-deliverys-all-over-the-us-new\/#primaryimage","url":"https:\/\/sandiegocream.com\/wp-content\/uploads\/2024\/08\/cropped-cropped-cropped-Screen-Shot-2022-04-20-at-14.51.29-1-1-300x300.png","contentUrl":"https:\/\/sandiegocream.com\/wp-content\/uploads\/2024\/08\/cropped-cropped-cropped-Screen-Shot-2022-04-20-at-14.51.29-1-1-300x300.png"},{"@type":"BreadcrumbList","@id":"https:\/\/mexicotoad.com\/index.php\/usa-service-usps-mail-deliverys-all-over-the-us-new\/#breadcrumb","itemListElement":[{"@type":"ListItem","position":1,"name":"Portada","item":"https:\/\/mexicotoad.com\/"},{"@type":"ListItem","position":2,"name":"USA Service \u2013 USPS mail deliverys all over the US (New)"}]},{"@type":"WebSite","@id":"https:\/\/mexicotoad.com\/#website","url":"https:\/\/mexicotoad.com\/","name":"Comprar Hongos Magicos Mexico - 420 Entrega en Casa y Envios Nacionales - Whatsapp: 00528135669557 \u2013 Eva Whatsapp Secundario : 00528132769756 Mike - Comprar Marihuana Monterrey Nuevo Leon San Pedro Garza Garcia- Entregas Monterrey - Envios Todo Mexico - 00528132769756 Whatsapp Alex - Comprar Hongos Psylocibe Mexico Envios Toda la Republica","description":"hongos psicod\u00e9licos, hongos m\u00e1gicos, hongos terap\u00e9uticos, compra hongos psicod\u00e9licos, hongos alucin\u00f3genos, hongos psilocibina, hongos m\u00e1gicos de calidad, hongos alucin\u00f3genos M\u00e9xico, hongos m\u00e1gicos Monterrey, hongos psicod\u00e9licos M\u00e9xico, hongos terap\u00e9uticos M\u00e9xico, mejor calidad hongos m\u00e1gicos, hongos psilocibina calidad, hongos m\u00e1gicos para terapia, hongos psilocibina para bienestar, hongos psicod\u00e9licos legales, hongos alucin\u00f3genos legales M\u00e9xico, compra hongos m\u00e1gicos en l\u00ednea, tienda hongos m\u00e1gicos, venta de hongos psicod\u00e9licos, hongos psilocibina en M\u00e9xico, hongos m\u00e1gicos online, hongos alucin\u00f3genos terap\u00e9uticos, hongos m\u00e1gicos para crecimiento personal, hongos m\u00e1gicos con env\u00edo r\u00e1pido, hongos psilocibina precios, hongos m\u00e1gicos efectivos, hongos alucin\u00f3genos de calidad, hongos psicod\u00e9licos para meditaci\u00f3n, hongos terap\u00e9uticos para salud mental, hongos psilocibina en Monterrey, hongos m\u00e1gicos para introspecci\u00f3n, hongos alucin\u00f3genos para terapia, compra hongos m\u00e1gicos Monterrey, hongos psicod\u00e9licos para experiencias espirituales, hongos m\u00e1gicos confiables, hongos alucin\u00f3genos para bienestar","potentialAction":[{"@type":"SearchAction","target":{"@type":"EntryPoint","urlTemplate":"https:\/\/mexicotoad.com\/?s={search_term_string}"},"query-input":{"@type":"PropertyValueSpecification","valueRequired":true,"valueName":"search_term_string"}}],"inLanguage":"es"}]}},"_links":{"self":[{"href":"https:\/\/mexicotoad.com\/index.php\/wp-json\/wp\/v2\/pages\/63","targetHints":{"allow":["GET"]}}],"collection":[{"href":"https:\/\/mexicotoad.com\/index.php\/wp-json\/wp\/v2\/pages"}],"about":[{"href":"https:\/\/mexicotoad.com\/index.php\/wp-json\/wp\/v2\/types\/page"}],"author":[{"embeddable":true,"href":"https:\/\/mexicotoad.com\/index.php\/wp-json\/wp\/v2\/users\/1"}],"replies":[{"embeddable":true,"href":"https:\/\/mexicotoad.com\/index.php\/wp-json\/wp\/v2\/comments?post=63"}],"version-history":[{"count":1,"href":"https:\/\/mexicotoad.com\/index.php\/wp-json\/wp\/v2\/pages\/63\/revisions"}],"predecessor-version":[{"id":64,"href":"https:\/\/mexicotoad.com\/index.php\/wp-json\/wp\/v2\/pages\/63\/revisions\/64"}],"wp:attachment":[{"href":"https:\/\/mexicotoad.com\/index.php\/wp-json\/wp\/v2\/media?parent=63"}],"curies":[{"name":"wp","href":"https:\/\/api.w.org\/{rel}","templated":true}]}}