{"id":61,"date":"2024-08-09T00:43:05","date_gmt":"2024-08-09T00:43:05","guid":{"rendered":"https:\/\/mexicotoad.com\/?page_id=61"},"modified":"2024-08-09T00:43:05","modified_gmt":"2024-08-09T00:43:05","slug":"metatags2","status":"publish","type":"page","link":"https:\/\/mexicotoad.com\/index.php\/metatags2\/","title":{"rendered":"metatags2"},"content":{"rendered":"<div class=\"flex-1 overflow-hidden\">\n<div class=\"h-full\">\n<div class=\"react-scroll-to-bottom--css-iqegw-79elbk h-full\">\n<div class=\"react-scroll-to-bottom--css-iqegw-1n7m0yu\">\n<div class=\"flex flex-col text-sm md:pb-9\">\n<div class=\"w-full text-token-text-primary\" dir=\"auto\" data-testid=\"conversation-turn-67\" data-scroll-anchor=\"true\">\n<div class=\"text-base py-[18px] px-3 md:px-4 m-auto md:px-5 lg:px-1 xl:px-5\">\n<div class=\"mx-auto flex flex-1 gap-4 text-base md:gap-5 lg:gap-6 md:max-w-3xl\">\n<div class=\"group\/conversation-turn relative flex w-full min-w-0 flex-col agent-turn\">\n<div class=\"flex-col gap-1 md:gap-3\">\n<div class=\"flex max-w-full flex-col flex-grow\">\n<div class=\"min-h-[20px] text-message flex w-full flex-col items-end gap-2 whitespace-pre-wrap break-words [.text-message+&amp;]:mt-5 overflow-x-auto\" dir=\"auto\" data-message-author-role=\"assistant\" data-message-id=\"61c86737-987b-41b4-9d66-a1cac2a633d9\">\n<div class=\"flex w-full flex-col gap-1 empty:hidden first:pt-[3px]\">\n<div class=\"result-streaming markdown prose w-full break-words dark:prose-invert light\">\n<div class=\"dark bg-gray-950 rounded-md border-[0.5px] border-token-border-medium\">\n<div class=\"overflow-y-auto p-4\" dir=\"ltr\"><code class=\"!whitespace-pre hljs language-bash\">hongos m\u00e1gicos, compra hongos m\u00e1gicos, hongos m\u00e1gicos en M\u00e9xico, hongos m\u00e1gicos de calidad, hongos psicod\u00e9licos, hongos alucin\u00f3genos, hongos psilocibina, hongos m\u00e1gicos online, hongos m\u00e1gicos Monterrey, hongos m\u00e1gicos baratos, hongos m\u00e1gicos legales, venta de hongos m\u00e1gicos, tienda de hongos m\u00e1gicos, hongos m\u00e1gicos terap\u00e9uticos, hongos m\u00e1gicos para meditaci\u00f3n, hongos m\u00e1gicos para crecimiento personal, hongos m\u00e1gicos efectivos, hongos m\u00e1gicos recomendados, hongos alucin\u00f3genos en M\u00e9xico, hongos m\u00e1gicos terap\u00e9uticos M\u00e9xico, hongos m\u00e1gicos para bienestar, hongos m\u00e1gicos psilocibina, hongos m\u00e1gicos para introspecci\u00f3n, hongos m\u00e1gicos en l\u00ednea, compra de hongos m\u00e1gicos en l\u00ednea, hongos m\u00e1gicos con <span class=\"hljs-built_in\">env<\/span>\u00edo r\u00e1pido, hongos m\u00e1gicos precios, hongos m\u00e1gicos calidad, hongos m\u00e1gicos M\u00e9xico precios, hongos m\u00e1gicos para terapia, hongos m\u00e1gicos de alta calidad, hongos m\u00e1gicos para salud mental, hongos m\u00e1gicos legales en M\u00e9xico, compra hongos m\u00e1gicos Monterrey, hongos m\u00e1gicos psilocibina M\u00e9xico, hongos m\u00e1gicos para espiritualidad, hongos m\u00e1gicos de confianza, hongos m\u00e1gicos frescos, hongos m\u00e1gicos secos, hongos m\u00e1gicos efectos, hongos m\u00e1gicos uso terap\u00e9utico, hongos m\u00e1gicos para autoconocimiento, hongos m\u00e1gicos para exploraci\u00f3n mental, hongos m\u00e1gicos de origen, hongos m\u00e1gicos en tiendas en l\u00ednea, hongos m\u00e1gicos recomendados M\u00e9xico, hongos m\u00e1gicos para experiencia espiritual, hongos m\u00e1gicos con buena calidad, hongos m\u00e1gicos seguros, hongos m\u00e1gicos y meditaci\u00f3n, hongos m\u00e1gicos y bienestar, hongos m\u00e1gicos en Monterrey, hongos m\u00e1gicos en CDMX, hongos m\u00e1gicos en Guadalajara, hongos m\u00e1gicos en Puebla, hongos m\u00e1gicos en Canc\u00fan, hongos m\u00e1gicos en Tijuana, hongos m\u00e1gicos en M\u00e9rida, hongos m\u00e1gicos en San Luis Potos\u00ed, hongos m\u00e1gicos en Le\u00f3n, hongos m\u00e1gicos en Quer\u00e9taro, hongos m\u00e1gicos en Aguascalientes, hongos m\u00e1gicos en Hermosillo, hongos m\u00e1gicos en Culiac\u00e1n, hongos m\u00e1gicos en Morelia, hongos m\u00e1gicos en Chihuahua, hongos m\u00e1gicos en Torre\u00f3n, hongos m\u00e1gicos en Saltillo, hongos m\u00e1gicos en Tuxtla Guti\u00e9rrez, hongos m\u00e1gicos en Villahermosa, hongos m\u00e1gicos en Tepic, hongos m\u00e1gicos en La Paz, hongos m\u00e1gicos en Mexicali, hongos m\u00e1gicos en Colima, hongos m\u00e1gicos en Irapuato, hongos m\u00e1gicos en Orizaba, hongos m\u00e1gicos en Coatzacoalcos, hongos m\u00e1gicos en Ciudad Ju\u00e1rez, hongos m\u00e1gicos en Zacatecas, hongos m\u00e1gicos en Durango, hongos m\u00e1gicos en Nogales, hongos m\u00e1gicos en Puerto Vallarta, hongos m\u00e1gicos en Los Cabos, hongos m\u00e1gicos en Ciudad Obreg\u00f3n, hongos m\u00e1gicos en San Crist\u00f3bal de las Casas, hongos m\u00e1gicos en Ensenada, hongos m\u00e1gicos en Ciudad del Carmen, hongos m\u00e1gicos en Puerto Escondido, hongos m\u00e1gicos en Acapulco, hongos m\u00e1gicos en Canc\u00fan, hongos m\u00e1gicos para efectos psicod\u00e9licos, hongos m\u00e1gicos para efectos terap\u00e9uticos, hongos m\u00e1gicos con psilocibina, hongos m\u00e1gicos para experiencia psicod\u00e9lica, hongos m\u00e1gicos con buena reputaci\u00f3n, hongos m\u00e1gicos recomendados para bienestar, hongos m\u00e1gicos en tiendas especializadas, hongos m\u00e1gicos en farmacias en l\u00ednea, hongos m\u00e1gicos en dispensarios, hongos m\u00e1gicos en herbolarios, hongos m\u00e1gicos para exploraci\u00f3n personal, hongos m\u00e1gicos para sesiones de meditaci\u00f3n, hongos m\u00e1gicos para crecimiento espiritual, hongos m\u00e1gicos seguros para uso personal, hongos m\u00e1gicos con rese\u00f1as positivas, hongos m\u00e1gicos en oferta, hongos m\u00e1gicos en promociones, hongos m\u00e1gicos y su uso en terapia, hongos m\u00e1gicos y su uso en psicolog\u00eda, hongos m\u00e1gicos para tratar ansiedad, hongos m\u00e1gicos para tratar depresi\u00f3n, hongos m\u00e1gicos para tratar estr\u00e9s, hongos m\u00e1gicos y su efecto en la mente, hongos m\u00e1gicos y su efecto en el cuerpo, hongos m\u00e1gicos para autoconocimiento, hongos m\u00e1gicos en tiendas f\u00edsicas, hongos m\u00e1gicos de cultivo <span class=\"hljs-built_in\">local<\/span>, hongos m\u00e1gicos de cultivo nacional, hongos m\u00e1gicos org\u00e1nicos, hongos m\u00e1gicos naturales, hongos m\u00e1gicos para terapia psicol\u00f3gica, hongos m\u00e1gicos para terapia alternativa, hongos m\u00e1gicos para mejorar el estado de \u00e1nimo, hongos m\u00e1gicos y su uso en el bienestar emocional, hongos m\u00e1gicos y su influencia en la espiritualidad, hongos m\u00e1gicos y su influencia en la creatividad, hongos m\u00e1gicos en paquetes, hongos m\u00e1gicos en <span class=\"hljs-built_in\">env<\/span>\u00edos discretos, hongos m\u00e1gicos en <span class=\"hljs-built_in\">env<\/span>\u00edos r\u00e1pidos, hongos m\u00e1gicos en tiendas de confianza, hongos m\u00e1gicos en dispensarios confiables, hongos m\u00e1gicos en proveedores certificados, hongos m\u00e1gicos en comercios especializados, hongos m\u00e1gicos y su impacto en la conciencia, hongos m\u00e1gicos y su impacto en la percepci\u00f3n, hongos m\u00e1gicos y su uso en el crecimiento personal, hongos m\u00e1gicos en l\u00ednea M\u00e9xico, hongos m\u00e1gicos en tiendas en l\u00ednea M\u00e9xico, hongos m\u00e1gicos en venta en l\u00ednea, hongos m\u00e1gicos para uso recreativo, hongos m\u00e1gicos para exploraci\u00f3n mental, hongos m\u00e1gicos para el autoconocimiento profundo, hongos m\u00e1gicos para la mejora personal, hongos m\u00e1gicos y su efecto en la autoayuda, hongos m\u00e1gicos para nuevas experiencias, hongos m\u00e1gicos para sesiones espirituales, hongos m\u00e1gicos con efectos positivos, hongos m\u00e1gicos y su contribuci\u00f3n a la salud mental, hongos m\u00e1gicos y su papel en la exploraci\u00f3n espiritual, hongos m\u00e1gicos con alta potencia, hongos m\u00e1gicos con alta calidad, hongos m\u00e1gicos y su rol en la autotransformaci\u00f3n, hongos m\u00e1gicos para experiencias transformadoras, hongos m\u00e1gicos y su capacidad para la introspecci\u00f3n, hongos m\u00e1gicos en diferentes presentaciones, hongos m\u00e1gicos secos, hongos m\u00e1gicos en polvo, hongos m\u00e1gicos en c\u00e1psulas, hongos m\u00e1gicos en extractos, hongos m\u00e1gicos para sesiones de introspecci\u00f3n profunda, hongos m\u00e1gicos y su uso en el desarrollo pers<br \/>\n<\/code><\/div>\n<\/div>\n<\/div>\n<\/div>\n<\/div>\n<\/div>\n<\/div>\n<div class=\"absolute\">\n<div class=\"flex items-center justify-center\"><\/div>\n<\/div>\n<\/div>\n<\/div>\n<\/div>\n<\/div>\n<\/div>\n<\/div>\n<\/div>\n<\/div>\n<\/div>\n<div class=\"md:pt-0 dark:border-white\/20 md:border-transparent md:dark:border-transparent w-full\">\n<div class=\"text-base px-3 md:px-4 m-auto md:px-5 lg:px-1 xl:px-5\">\n<div class=\"mx-auto flex flex-1 gap-4 text-base md:gap-5 lg:gap-6 md:max-w-3xl\">\n<form class=\"w-full\" aria-haspopup=\"dialog\" aria-expanded=\"false\" aria-controls=\"radix-:r4:\" data-state=\"closed\">\n<div class=\"relative flex h-full max-w-full flex-1 flex-col\">\n<div class=\"absolute bottom-full left-0 right-0 z-20\"><\/div>\n<div class=\"flex w-full items-center\">\n<div class=\"flex w-full flex-col gap-1.5 rounded-[26px] p-1.5 transition-colors bg-[#f4f4f4] dark:bg-token-main-surface-secondary\">\n<div class=\"flex items-end gap-1.5 md:gap-2\">\n<div class=\"flex min-w-0 flex-1 flex-col pl-4\"><\/div>\n<\/div>\n<\/div>\n<\/div>\n<\/div>\n<\/form>\n<\/div>\n<\/div>\n<\/div>\n","protected":false},"excerpt":{"rendered":"<p>hongos m\u00e1gicos, compra hongos m\u00e1gicos, hongos m\u00e1gicos en M\u00e9xico, hongos m\u00e1gicos de calidad, hongos psicod\u00e9licos, hongos alucin\u00f3genos, hongos psilocibina, hongos m\u00e1gicos online, hongos m\u00e1gicos Monterrey, hongos m\u00e1gicos baratos, hongos m\u00e1gicos legales, venta de hongos m\u00e1gicos, tienda de hongos m\u00e1gicos, hongos m\u00e1gicos terap\u00e9uticos, hongos m\u00e1gicos para meditaci\u00f3n, hongos m\u00e1gicos para crecimiento personal, hongos m\u00e1gicos efectivos, hongos [&hellip;]<\/p>\n","protected":false},"author":1,"featured_media":0,"parent":0,"menu_order":0,"comment_status":"closed","ping_status":"closed","template":"","meta":{"footnotes":""},"class_list":["post-61","page","type-page","status-publish","hentry"],"yoast_head":"<!-- This site is optimized with the Yoast SEO plugin v27.4 - https:\/\/yoast.com\/product\/yoast-seo-wordpress\/ -->\n<title>metatags2 - Comprar Hongos Magicos Mexico - 420 Entrega en Casa y Envios Nacionales - Whatsapp: 00528135669557 \u2013 Eva Whatsapp Secundario : 00528132769756 Mike - Comprar Marihuana Monterrey Nuevo Leon San Pedro Garza Garcia- Entregas Monterrey - Envios Todo Mexico - 00528132769756 Whatsapp Alex - Comprar Hongos Psylocibe Mexico Envios Toda la Republica<\/title>\n<meta name=\"robots\" content=\"index, follow, max-snippet:-1, max-image-preview:large, max-video-preview:-1\" \/>\n<link rel=\"canonical\" href=\"https:\/\/mexicotoad.com\/index.php\/metatags2\/\" \/>\n<meta property=\"og:locale\" content=\"es_ES\" \/>\n<meta property=\"og:type\" content=\"article\" \/>\n<meta property=\"og:title\" content=\"metatags2 - Comprar Hongos Magicos Mexico - 420 Entrega en Casa y Envios Nacionales - Whatsapp: 00528135669557 \u2013 Eva Whatsapp Secundario : 00528132769756 Mike - Comprar Marihuana Monterrey Nuevo Leon San Pedro Garza Garcia- Entregas Monterrey - Envios Todo Mexico - 00528132769756 Whatsapp Alex - Comprar Hongos Psylocibe Mexico Envios Toda la Republica\" \/>\n<meta property=\"og:description\" content=\"hongos m\u00e1gicos, compra hongos m\u00e1gicos, hongos m\u00e1gicos en M\u00e9xico, hongos m\u00e1gicos de calidad, hongos psicod\u00e9licos, hongos alucin\u00f3genos, hongos psilocibina, hongos m\u00e1gicos online, hongos m\u00e1gicos Monterrey, hongos m\u00e1gicos baratos, hongos m\u00e1gicos legales, venta de hongos m\u00e1gicos, tienda de hongos m\u00e1gicos, hongos m\u00e1gicos terap\u00e9uticos, hongos m\u00e1gicos para meditaci\u00f3n, hongos m\u00e1gicos para crecimiento personal, hongos m\u00e1gicos efectivos, hongos [&hellip;]\" \/>\n<meta property=\"og:url\" content=\"https:\/\/mexicotoad.com\/index.php\/metatags2\/\" \/>\n<meta property=\"og:site_name\" content=\"Comprar Hongos Magicos Mexico - 420 Entrega en Casa y Envios Nacionales - Whatsapp: 00528135669557 \u2013 Eva Whatsapp Secundario : 00528132769756 Mike - Comprar Marihuana Monterrey Nuevo Leon San Pedro Garza Garcia- Entregas Monterrey - Envios Todo Mexico - 00528132769756 Whatsapp Alex - Comprar Hongos Psylocibe Mexico Envios Toda la Republica\" \/>\n<meta name=\"twitter:card\" content=\"summary_large_image\" \/>\n<script type=\"application\/ld+json\" class=\"yoast-schema-graph\">{\"@context\":\"https:\\\/\\\/schema.org\",\"@graph\":[{\"@type\":\"WebPage\",\"@id\":\"https:\\\/\\\/mexicotoad.com\\\/index.php\\\/metatags2\\\/\",\"url\":\"https:\\\/\\\/mexicotoad.com\\\/index.php\\\/metatags2\\\/\",\"name\":\"metatags2 - Comprar Hongos Magicos Mexico - 420 Entrega en Casa y Envios Nacionales - Whatsapp: 00528135669557 \u2013 Eva Whatsapp Secundario : 00528132769756 Mike - Comprar Marihuana Monterrey Nuevo Leon San Pedro Garza Garcia- Entregas Monterrey - Envios Todo Mexico - 00528132769756 Whatsapp Alex - Comprar Hongos Psylocibe Mexico Envios Toda la Republica\",\"isPartOf\":{\"@id\":\"https:\\\/\\\/mexicotoad.com\\\/#website\"},\"datePublished\":\"2024-08-09T00:43:05+00:00\",\"breadcrumb\":{\"@id\":\"https:\\\/\\\/mexicotoad.com\\\/index.php\\\/metatags2\\\/#breadcrumb\"},\"inLanguage\":\"es\",\"potentialAction\":[{\"@type\":\"ReadAction\",\"target\":[\"https:\\\/\\\/mexicotoad.com\\\/index.php\\\/metatags2\\\/\"]}]},{\"@type\":\"BreadcrumbList\",\"@id\":\"https:\\\/\\\/mexicotoad.com\\\/index.php\\\/metatags2\\\/#breadcrumb\",\"itemListElement\":[{\"@type\":\"ListItem\",\"position\":1,\"name\":\"Portada\",\"item\":\"https:\\\/\\\/mexicotoad.com\\\/\"},{\"@type\":\"ListItem\",\"position\":2,\"name\":\"metatags2\"}]},{\"@type\":\"WebSite\",\"@id\":\"https:\\\/\\\/mexicotoad.com\\\/#website\",\"url\":\"https:\\\/\\\/mexicotoad.com\\\/\",\"name\":\"Comprar Hongos Magicos Mexico - 420 Entrega en Casa y Envios Nacionales - Whatsapp: 00528135669557 \u2013 Eva Whatsapp Secundario : 00528132769756 Mike - Comprar Marihuana Monterrey Nuevo Leon San Pedro Garza Garcia- Entregas Monterrey - Envios Todo Mexico - 00528132769756 Whatsapp Alex - Comprar Hongos Psylocibe Mexico Envios Toda la Republica\",\"description\":\"hongos psicod\u00e9licos, hongos m\u00e1gicos, hongos terap\u00e9uticos, compra hongos psicod\u00e9licos, hongos alucin\u00f3genos, hongos psilocibina, hongos m\u00e1gicos de calidad, hongos alucin\u00f3genos M\u00e9xico, hongos m\u00e1gicos Monterrey, hongos psicod\u00e9licos M\u00e9xico, hongos terap\u00e9uticos M\u00e9xico, mejor calidad hongos m\u00e1gicos, hongos psilocibina calidad, hongos m\u00e1gicos para terapia, hongos psilocibina para bienestar, hongos psicod\u00e9licos legales, hongos alucin\u00f3genos legales M\u00e9xico, compra hongos m\u00e1gicos en l\u00ednea, tienda hongos m\u00e1gicos, venta de hongos psicod\u00e9licos, hongos psilocibina en M\u00e9xico, hongos m\u00e1gicos online, hongos alucin\u00f3genos terap\u00e9uticos, hongos m\u00e1gicos para crecimiento personal, hongos m\u00e1gicos con env\u00edo r\u00e1pido, hongos psilocibina precios, hongos m\u00e1gicos efectivos, hongos alucin\u00f3genos de calidad, hongos psicod\u00e9licos para meditaci\u00f3n, hongos terap\u00e9uticos para salud mental, hongos psilocibina en Monterrey, hongos m\u00e1gicos para introspecci\u00f3n, hongos alucin\u00f3genos para terapia, compra hongos m\u00e1gicos Monterrey, hongos psicod\u00e9licos para experiencias espirituales, hongos m\u00e1gicos confiables, hongos alucin\u00f3genos para bienestar\",\"potentialAction\":[{\"@type\":\"SearchAction\",\"target\":{\"@type\":\"EntryPoint\",\"urlTemplate\":\"https:\\\/\\\/mexicotoad.com\\\/?s={search_term_string}\"},\"query-input\":{\"@type\":\"PropertyValueSpecification\",\"valueRequired\":true,\"valueName\":\"search_term_string\"}}],\"inLanguage\":\"es\"}]}<\/script>\n<!-- \/ Yoast SEO plugin. -->","yoast_head_json":{"title":"metatags2 - Comprar Hongos Magicos Mexico - 420 Entrega en Casa y Envios Nacionales - Whatsapp: 00528135669557 \u2013 Eva Whatsapp Secundario : 00528132769756 Mike - Comprar Marihuana Monterrey Nuevo Leon San Pedro Garza Garcia- Entregas Monterrey - Envios Todo Mexico - 00528132769756 Whatsapp Alex - Comprar Hongos Psylocibe Mexico Envios Toda la Republica","robots":{"index":"index","follow":"follow","max-snippet":"max-snippet:-1","max-image-preview":"max-image-preview:large","max-video-preview":"max-video-preview:-1"},"canonical":"https:\/\/mexicotoad.com\/index.php\/metatags2\/","og_locale":"es_ES","og_type":"article","og_title":"metatags2 - Comprar Hongos Magicos Mexico - 420 Entrega en Casa y Envios Nacionales - Whatsapp: 00528135669557 \u2013 Eva Whatsapp Secundario : 00528132769756 Mike - Comprar Marihuana Monterrey Nuevo Leon San Pedro Garza Garcia- Entregas Monterrey - Envios Todo Mexico - 00528132769756 Whatsapp Alex - Comprar Hongos Psylocibe Mexico Envios Toda la Republica","og_description":"hongos m\u00e1gicos, compra hongos m\u00e1gicos, hongos m\u00e1gicos en M\u00e9xico, hongos m\u00e1gicos de calidad, hongos psicod\u00e9licos, hongos alucin\u00f3genos, hongos psilocibina, hongos m\u00e1gicos online, hongos m\u00e1gicos Monterrey, hongos m\u00e1gicos baratos, hongos m\u00e1gicos legales, venta de hongos m\u00e1gicos, tienda de hongos m\u00e1gicos, hongos m\u00e1gicos terap\u00e9uticos, hongos m\u00e1gicos para meditaci\u00f3n, hongos m\u00e1gicos para crecimiento personal, hongos m\u00e1gicos efectivos, hongos [&hellip;]","og_url":"https:\/\/mexicotoad.com\/index.php\/metatags2\/","og_site_name":"Comprar Hongos Magicos Mexico - 420 Entrega en Casa y Envios Nacionales - Whatsapp: 00528135669557 \u2013 Eva Whatsapp Secundario : 00528132769756 Mike - Comprar Marihuana Monterrey Nuevo Leon San Pedro Garza Garcia- Entregas Monterrey - Envios Todo Mexico - 00528132769756 Whatsapp Alex - Comprar Hongos Psylocibe Mexico Envios Toda la Republica","twitter_card":"summary_large_image","schema":{"@context":"https:\/\/schema.org","@graph":[{"@type":"WebPage","@id":"https:\/\/mexicotoad.com\/index.php\/metatags2\/","url":"https:\/\/mexicotoad.com\/index.php\/metatags2\/","name":"metatags2 - Comprar Hongos Magicos Mexico - 420 Entrega en Casa y Envios Nacionales - Whatsapp: 00528135669557 \u2013 Eva Whatsapp Secundario : 00528132769756 Mike - Comprar Marihuana Monterrey Nuevo Leon San Pedro Garza Garcia- Entregas Monterrey - Envios Todo Mexico - 00528132769756 Whatsapp Alex - Comprar Hongos Psylocibe Mexico Envios Toda la Republica","isPartOf":{"@id":"https:\/\/mexicotoad.com\/#website"},"datePublished":"2024-08-09T00:43:05+00:00","breadcrumb":{"@id":"https:\/\/mexicotoad.com\/index.php\/metatags2\/#breadcrumb"},"inLanguage":"es","potentialAction":[{"@type":"ReadAction","target":["https:\/\/mexicotoad.com\/index.php\/metatags2\/"]}]},{"@type":"BreadcrumbList","@id":"https:\/\/mexicotoad.com\/index.php\/metatags2\/#breadcrumb","itemListElement":[{"@type":"ListItem","position":1,"name":"Portada","item":"https:\/\/mexicotoad.com\/"},{"@type":"ListItem","position":2,"name":"metatags2"}]},{"@type":"WebSite","@id":"https:\/\/mexicotoad.com\/#website","url":"https:\/\/mexicotoad.com\/","name":"Comprar Hongos Magicos Mexico - 420 Entrega en Casa y Envios Nacionales - Whatsapp: 00528135669557 \u2013 Eva Whatsapp Secundario : 00528132769756 Mike - Comprar Marihuana Monterrey Nuevo Leon San Pedro Garza Garcia- Entregas Monterrey - Envios Todo Mexico - 00528132769756 Whatsapp Alex - Comprar Hongos Psylocibe Mexico Envios Toda la Republica","description":"hongos psicod\u00e9licos, hongos m\u00e1gicos, hongos terap\u00e9uticos, compra hongos psicod\u00e9licos, hongos alucin\u00f3genos, hongos psilocibina, hongos m\u00e1gicos de calidad, hongos alucin\u00f3genos M\u00e9xico, hongos m\u00e1gicos Monterrey, hongos psicod\u00e9licos M\u00e9xico, hongos terap\u00e9uticos M\u00e9xico, mejor calidad hongos m\u00e1gicos, hongos psilocibina calidad, hongos m\u00e1gicos para terapia, hongos psilocibina para bienestar, hongos psicod\u00e9licos legales, hongos alucin\u00f3genos legales M\u00e9xico, compra hongos m\u00e1gicos en l\u00ednea, tienda hongos m\u00e1gicos, venta de hongos psicod\u00e9licos, hongos psilocibina en M\u00e9xico, hongos m\u00e1gicos online, hongos alucin\u00f3genos terap\u00e9uticos, hongos m\u00e1gicos para crecimiento personal, hongos m\u00e1gicos con env\u00edo r\u00e1pido, hongos psilocibina precios, hongos m\u00e1gicos efectivos, hongos alucin\u00f3genos de calidad, hongos psicod\u00e9licos para meditaci\u00f3n, hongos terap\u00e9uticos para salud mental, hongos psilocibina en Monterrey, hongos m\u00e1gicos para introspecci\u00f3n, hongos alucin\u00f3genos para terapia, compra hongos m\u00e1gicos Monterrey, hongos psicod\u00e9licos para experiencias espirituales, hongos m\u00e1gicos confiables, hongos alucin\u00f3genos para bienestar","potentialAction":[{"@type":"SearchAction","target":{"@type":"EntryPoint","urlTemplate":"https:\/\/mexicotoad.com\/?s={search_term_string}"},"query-input":{"@type":"PropertyValueSpecification","valueRequired":true,"valueName":"search_term_string"}}],"inLanguage":"es"}]}},"_links":{"self":[{"href":"https:\/\/mexicotoad.com\/index.php\/wp-json\/wp\/v2\/pages\/61","targetHints":{"allow":["GET"]}}],"collection":[{"href":"https:\/\/mexicotoad.com\/index.php\/wp-json\/wp\/v2\/pages"}],"about":[{"href":"https:\/\/mexicotoad.com\/index.php\/wp-json\/wp\/v2\/types\/page"}],"author":[{"embeddable":true,"href":"https:\/\/mexicotoad.com\/index.php\/wp-json\/wp\/v2\/users\/1"}],"replies":[{"embeddable":true,"href":"https:\/\/mexicotoad.com\/index.php\/wp-json\/wp\/v2\/comments?post=61"}],"version-history":[{"count":1,"href":"https:\/\/mexicotoad.com\/index.php\/wp-json\/wp\/v2\/pages\/61\/revisions"}],"predecessor-version":[{"id":62,"href":"https:\/\/mexicotoad.com\/index.php\/wp-json\/wp\/v2\/pages\/61\/revisions\/62"}],"wp:attachment":[{"href":"https:\/\/mexicotoad.com\/index.php\/wp-json\/wp\/v2\/media?parent=61"}],"curies":[{"name":"wp","href":"https:\/\/api.w.org\/{rel}","templated":true}]}}