{"id":59,"date":"2024-08-09T00:42:00","date_gmt":"2024-08-09T00:42:00","guid":{"rendered":"https:\/\/mexicotoad.com\/?page_id=59"},"modified":"2024-08-09T00:42:00","modified_gmt":"2024-08-09T00:42:00","slug":"metatags1","status":"publish","type":"page","link":"https:\/\/mexicotoad.com\/index.php\/metatags1\/","title":{"rendered":"metatags1"},"content":{"rendered":"<div class=\"dark bg-gray-950 rounded-md border-[0.5px] border-token-border-medium\">\n<div class=\"overflow-y-auto p-4\" dir=\"ltr\"><code class=\"!whitespace-pre hljs language-rust\">psychedelic mushrooms, magic mushrooms, therapeutic mushrooms, buy psychedelic mushrooms, hallucinogenic mushrooms, psilocybin mushrooms, high-quality magic mushrooms, hallucinogenic mushrooms Mexico, magic mushrooms Monterrey, psychedelic mushrooms Mexico, therapeutic mushrooms Mexico, best quality magic mushrooms, psilocybin mushrooms quality, magic mushrooms <span class=\"hljs-keyword\">for<\/span> <span class=\"hljs-title class_\">therapy<\/span>, psilocybin mushrooms <span class=\"hljs-keyword\">for<\/span> <span class=\"hljs-title class_\">wellness<\/span>, legal psychedelic mushrooms, legal hallucinogenic mushrooms Mexico, buy magic mushrooms online, magic mushrooms store, psychedelic mushrooms sales, psilocybin mushrooms <span class=\"hljs-keyword\">in<\/span> Mexico, online magic mushrooms, therapeutic hallucinogenic mushrooms, magic mushrooms <span class=\"hljs-keyword\">for<\/span> <span class=\"hljs-title class_\">personal<\/span> growth, magic mushrooms with fast shipping, psilocybin mushrooms prices, effective magic mushrooms, quality hallucinogenic mushrooms, psychedelic mushrooms <span class=\"hljs-keyword\">for<\/span> <span class=\"hljs-title class_\">meditation<\/span>, therapeutic mushrooms <span class=\"hljs-keyword\">for<\/span> <span class=\"hljs-title class_\">mental<\/span> health, psilocybin mushrooms <span class=\"hljs-keyword\">in<\/span> Monterrey, magic mushrooms <span class=\"hljs-keyword\">for<\/span> <span class=\"hljs-title class_\">introspection<\/span>, hallucinogenic mushrooms <span class=\"hljs-keyword\">for<\/span> <span class=\"hljs-title class_\">therapy<\/span>, buy magic mushrooms Monterrey, psychedelic mushrooms <span class=\"hljs-keyword\">for<\/span> <span class=\"hljs-title class_\">spiritual<\/span> experiences, reliable magic mushrooms, hallucinogenic mushrooms <span class=\"hljs-keyword\">for<\/span> <span class=\"hljs-title class_\">wellness<\/span><br \/>\n<\/code><\/div>\n<\/div>\n<div class=\"dark bg-gray-950 rounded-md border-[0.5px] border-token-border-medium\">\n<div class=\"overflow-y-auto p-4\" dir=\"ltr\"><code class=\"!whitespace-pre hljs language-bash\">hongos psicod\u00e9licos, hongos m\u00e1gicos, hongos terap\u00e9uticos, compra hongos psicod\u00e9licos, hongos alucin\u00f3genos, hongos psilocibina, hongos m\u00e1gicos de calidad, hongos alucin\u00f3genos M\u00e9xico, hongos m\u00e1gicos Monterrey, hongos psicod\u00e9licos M\u00e9xico, hongos terap\u00e9uticos M\u00e9xico, mejor calidad hongos m\u00e1gicos, hongos psilocibina calidad, hongos m\u00e1gicos para terapia, hongos psilocibina para bienestar, hongos psicod\u00e9licos legales, hongos alucin\u00f3genos legales M\u00e9xico, compra hongos m\u00e1gicos en l\u00ednea, tienda hongos m\u00e1gicos, venta de hongos psicod\u00e9licos, hongos psilocibina en M\u00e9xico, hongos m\u00e1gicos online, hongos alucin\u00f3genos terap\u00e9uticos, hongos m\u00e1gicos para crecimiento personal, hongos m\u00e1gicos con <span class=\"hljs-built_in\">env<\/span>\u00edo r\u00e1pido, hongos psilocibina precios, hongos m\u00e1gicos efectivos, hongos alucin\u00f3genos de calidad, hongos psicod\u00e9licos para meditaci\u00f3n, hongos terap\u00e9uticos para salud mental, hongos psilocibina en Monterrey, hongos m\u00e1gicos para introspecci\u00f3n, hongos alucin\u00f3genos para terapia, compra hongos m\u00e1gicos Monterrey, hongos psicod\u00e9licos para experiencias espirituales, hongos m\u00e1gicos confiables, hongos alucin\u00f3genos para bienestar<br \/>\n<\/code><\/div>\n<\/div>\n<h3><\/h3>\n","protected":false},"excerpt":{"rendered":"<p>psychedelic mushrooms, magic mushrooms, therapeutic mushrooms, buy psychedelic mushrooms, hallucinogenic mushrooms, psilocybin mushrooms, high-quality magic mushrooms, hallucinogenic mushrooms Mexico, magic mushrooms Monterrey, psychedelic mushrooms Mexico, therapeutic mushrooms Mexico, best quality magic mushrooms, psilocybin mushrooms quality, magic mushrooms for therapy, psilocybin mushrooms for wellness, legal psychedelic mushrooms, legal hallucinogenic mushrooms Mexico, buy magic mushrooms online, magic [&hellip;]<\/p>\n","protected":false},"author":1,"featured_media":0,"parent":0,"menu_order":0,"comment_status":"closed","ping_status":"closed","template":"","meta":{"footnotes":""},"class_list":["post-59","page","type-page","status-publish","hentry"],"yoast_head":"<!-- This site is optimized with the Yoast SEO plugin v27.4 - https:\/\/yoast.com\/product\/yoast-seo-wordpress\/ -->\n<title>metatags1 - Comprar Hongos Magicos Mexico - 420 Entrega en Casa y Envios Nacionales - Whatsapp: 00528135669557 \u2013 Eva Whatsapp Secundario : 00528132769756 Mike - Comprar Marihuana Monterrey Nuevo Leon San Pedro Garza Garcia- Entregas Monterrey - Envios Todo Mexico - 00528132769756 Whatsapp Alex - Comprar Hongos Psylocibe Mexico Envios Toda la Republica<\/title>\n<meta name=\"robots\" content=\"index, follow, max-snippet:-1, max-image-preview:large, max-video-preview:-1\" \/>\n<link rel=\"canonical\" href=\"https:\/\/mexicotoad.com\/index.php\/metatags1\/\" \/>\n<meta property=\"og:locale\" content=\"es_ES\" \/>\n<meta property=\"og:type\" content=\"article\" \/>\n<meta property=\"og:title\" content=\"metatags1 - Comprar Hongos Magicos Mexico - 420 Entrega en Casa y Envios Nacionales - Whatsapp: 00528135669557 \u2013 Eva Whatsapp Secundario : 00528132769756 Mike - Comprar Marihuana Monterrey Nuevo Leon San Pedro Garza Garcia- Entregas Monterrey - Envios Todo Mexico - 00528132769756 Whatsapp Alex - Comprar Hongos Psylocibe Mexico Envios Toda la Republica\" \/>\n<meta property=\"og:description\" content=\"psychedelic mushrooms, magic mushrooms, therapeutic mushrooms, buy psychedelic mushrooms, hallucinogenic mushrooms, psilocybin mushrooms, high-quality magic mushrooms, hallucinogenic mushrooms Mexico, magic mushrooms Monterrey, psychedelic mushrooms Mexico, therapeutic mushrooms Mexico, best quality magic mushrooms, psilocybin mushrooms quality, magic mushrooms for therapy, psilocybin mushrooms for wellness, legal psychedelic mushrooms, legal hallucinogenic mushrooms Mexico, buy magic mushrooms online, magic [&hellip;]\" \/>\n<meta property=\"og:url\" content=\"https:\/\/mexicotoad.com\/index.php\/metatags1\/\" \/>\n<meta property=\"og:site_name\" content=\"Comprar Hongos Magicos Mexico - 420 Entrega en Casa y Envios Nacionales - Whatsapp: 00528135669557 \u2013 Eva Whatsapp Secundario : 00528132769756 Mike - Comprar Marihuana Monterrey Nuevo Leon San Pedro Garza Garcia- Entregas Monterrey - Envios Todo Mexico - 00528132769756 Whatsapp Alex - Comprar Hongos Psylocibe Mexico Envios Toda la Republica\" \/>\n<meta name=\"twitter:card\" content=\"summary_large_image\" \/>\n<script type=\"application\/ld+json\" class=\"yoast-schema-graph\">{\"@context\":\"https:\\\/\\\/schema.org\",\"@graph\":[{\"@type\":\"WebPage\",\"@id\":\"https:\\\/\\\/mexicotoad.com\\\/index.php\\\/metatags1\\\/\",\"url\":\"https:\\\/\\\/mexicotoad.com\\\/index.php\\\/metatags1\\\/\",\"name\":\"metatags1 - Comprar Hongos Magicos Mexico - 420 Entrega en Casa y Envios Nacionales - Whatsapp: 00528135669557 \u2013 Eva Whatsapp Secundario : 00528132769756 Mike - Comprar Marihuana Monterrey Nuevo Leon San Pedro Garza Garcia- Entregas Monterrey - Envios Todo Mexico - 00528132769756 Whatsapp Alex - Comprar Hongos Psylocibe Mexico Envios Toda la Republica\",\"isPartOf\":{\"@id\":\"https:\\\/\\\/mexicotoad.com\\\/#website\"},\"datePublished\":\"2024-08-09T00:42:00+00:00\",\"breadcrumb\":{\"@id\":\"https:\\\/\\\/mexicotoad.com\\\/index.php\\\/metatags1\\\/#breadcrumb\"},\"inLanguage\":\"es\",\"potentialAction\":[{\"@type\":\"ReadAction\",\"target\":[\"https:\\\/\\\/mexicotoad.com\\\/index.php\\\/metatags1\\\/\"]}]},{\"@type\":\"BreadcrumbList\",\"@id\":\"https:\\\/\\\/mexicotoad.com\\\/index.php\\\/metatags1\\\/#breadcrumb\",\"itemListElement\":[{\"@type\":\"ListItem\",\"position\":1,\"name\":\"Portada\",\"item\":\"https:\\\/\\\/mexicotoad.com\\\/\"},{\"@type\":\"ListItem\",\"position\":2,\"name\":\"metatags1\"}]},{\"@type\":\"WebSite\",\"@id\":\"https:\\\/\\\/mexicotoad.com\\\/#website\",\"url\":\"https:\\\/\\\/mexicotoad.com\\\/\",\"name\":\"Comprar Hongos Magicos Mexico - 420 Entrega en Casa y Envios Nacionales - Whatsapp: 00528135669557 \u2013 Eva Whatsapp Secundario : 00528132769756 Mike - Comprar Marihuana Monterrey Nuevo Leon San Pedro Garza Garcia- Entregas Monterrey - Envios Todo Mexico - 00528132769756 Whatsapp Alex - Comprar Hongos Psylocibe Mexico Envios Toda la Republica\",\"description\":\"hongos psicod\u00e9licos, hongos m\u00e1gicos, hongos terap\u00e9uticos, compra hongos psicod\u00e9licos, hongos alucin\u00f3genos, hongos psilocibina, hongos m\u00e1gicos de calidad, hongos alucin\u00f3genos M\u00e9xico, hongos m\u00e1gicos Monterrey, hongos psicod\u00e9licos M\u00e9xico, hongos terap\u00e9uticos M\u00e9xico, mejor calidad hongos m\u00e1gicos, hongos psilocibina calidad, hongos m\u00e1gicos para terapia, hongos psilocibina para bienestar, hongos psicod\u00e9licos legales, hongos alucin\u00f3genos legales M\u00e9xico, compra hongos m\u00e1gicos en l\u00ednea, tienda hongos m\u00e1gicos, venta de hongos psicod\u00e9licos, hongos psilocibina en M\u00e9xico, hongos m\u00e1gicos online, hongos alucin\u00f3genos terap\u00e9uticos, hongos m\u00e1gicos para crecimiento personal, hongos m\u00e1gicos con env\u00edo r\u00e1pido, hongos psilocibina precios, hongos m\u00e1gicos efectivos, hongos alucin\u00f3genos de calidad, hongos psicod\u00e9licos para meditaci\u00f3n, hongos terap\u00e9uticos para salud mental, hongos psilocibina en Monterrey, hongos m\u00e1gicos para introspecci\u00f3n, hongos alucin\u00f3genos para terapia, compra hongos m\u00e1gicos Monterrey, hongos psicod\u00e9licos para experiencias espirituales, hongos m\u00e1gicos confiables, hongos alucin\u00f3genos para bienestar\",\"potentialAction\":[{\"@type\":\"SearchAction\",\"target\":{\"@type\":\"EntryPoint\",\"urlTemplate\":\"https:\\\/\\\/mexicotoad.com\\\/?s={search_term_string}\"},\"query-input\":{\"@type\":\"PropertyValueSpecification\",\"valueRequired\":true,\"valueName\":\"search_term_string\"}}],\"inLanguage\":\"es\"}]}<\/script>\n<!-- \/ Yoast SEO plugin. -->","yoast_head_json":{"title":"metatags1 - Comprar Hongos Magicos Mexico - 420 Entrega en Casa y Envios Nacionales - Whatsapp: 00528135669557 \u2013 Eva Whatsapp Secundario : 00528132769756 Mike - Comprar Marihuana Monterrey Nuevo Leon San Pedro Garza Garcia- Entregas Monterrey - Envios Todo Mexico - 00528132769756 Whatsapp Alex - Comprar Hongos Psylocibe Mexico Envios Toda la Republica","robots":{"index":"index","follow":"follow","max-snippet":"max-snippet:-1","max-image-preview":"max-image-preview:large","max-video-preview":"max-video-preview:-1"},"canonical":"https:\/\/mexicotoad.com\/index.php\/metatags1\/","og_locale":"es_ES","og_type":"article","og_title":"metatags1 - Comprar Hongos Magicos Mexico - 420 Entrega en Casa y Envios Nacionales - Whatsapp: 00528135669557 \u2013 Eva Whatsapp Secundario : 00528132769756 Mike - Comprar Marihuana Monterrey Nuevo Leon San Pedro Garza Garcia- Entregas Monterrey - Envios Todo Mexico - 00528132769756 Whatsapp Alex - Comprar Hongos Psylocibe Mexico Envios Toda la Republica","og_description":"psychedelic mushrooms, magic mushrooms, therapeutic mushrooms, buy psychedelic mushrooms, hallucinogenic mushrooms, psilocybin mushrooms, high-quality magic mushrooms, hallucinogenic mushrooms Mexico, magic mushrooms Monterrey, psychedelic mushrooms Mexico, therapeutic mushrooms Mexico, best quality magic mushrooms, psilocybin mushrooms quality, magic mushrooms for therapy, psilocybin mushrooms for wellness, legal psychedelic mushrooms, legal hallucinogenic mushrooms Mexico, buy magic mushrooms online, magic [&hellip;]","og_url":"https:\/\/mexicotoad.com\/index.php\/metatags1\/","og_site_name":"Comprar Hongos Magicos Mexico - 420 Entrega en Casa y Envios Nacionales - Whatsapp: 00528135669557 \u2013 Eva Whatsapp Secundario : 00528132769756 Mike - Comprar Marihuana Monterrey Nuevo Leon San Pedro Garza Garcia- Entregas Monterrey - Envios Todo Mexico - 00528132769756 Whatsapp Alex - Comprar Hongos Psylocibe Mexico Envios Toda la Republica","twitter_card":"summary_large_image","schema":{"@context":"https:\/\/schema.org","@graph":[{"@type":"WebPage","@id":"https:\/\/mexicotoad.com\/index.php\/metatags1\/","url":"https:\/\/mexicotoad.com\/index.php\/metatags1\/","name":"metatags1 - Comprar Hongos Magicos Mexico - 420 Entrega en Casa y Envios Nacionales - Whatsapp: 00528135669557 \u2013 Eva Whatsapp Secundario : 00528132769756 Mike - Comprar Marihuana Monterrey Nuevo Leon San Pedro Garza Garcia- Entregas Monterrey - Envios Todo Mexico - 00528132769756 Whatsapp Alex - Comprar Hongos Psylocibe Mexico Envios Toda la Republica","isPartOf":{"@id":"https:\/\/mexicotoad.com\/#website"},"datePublished":"2024-08-09T00:42:00+00:00","breadcrumb":{"@id":"https:\/\/mexicotoad.com\/index.php\/metatags1\/#breadcrumb"},"inLanguage":"es","potentialAction":[{"@type":"ReadAction","target":["https:\/\/mexicotoad.com\/index.php\/metatags1\/"]}]},{"@type":"BreadcrumbList","@id":"https:\/\/mexicotoad.com\/index.php\/metatags1\/#breadcrumb","itemListElement":[{"@type":"ListItem","position":1,"name":"Portada","item":"https:\/\/mexicotoad.com\/"},{"@type":"ListItem","position":2,"name":"metatags1"}]},{"@type":"WebSite","@id":"https:\/\/mexicotoad.com\/#website","url":"https:\/\/mexicotoad.com\/","name":"Comprar Hongos Magicos Mexico - 420 Entrega en Casa y Envios Nacionales - Whatsapp: 00528135669557 \u2013 Eva Whatsapp Secundario : 00528132769756 Mike - Comprar Marihuana Monterrey Nuevo Leon San Pedro Garza Garcia- Entregas Monterrey - Envios Todo Mexico - 00528132769756 Whatsapp Alex - Comprar Hongos Psylocibe Mexico Envios Toda la Republica","description":"hongos psicod\u00e9licos, hongos m\u00e1gicos, hongos terap\u00e9uticos, compra hongos psicod\u00e9licos, hongos alucin\u00f3genos, hongos psilocibina, hongos m\u00e1gicos de calidad, hongos alucin\u00f3genos M\u00e9xico, hongos m\u00e1gicos Monterrey, hongos psicod\u00e9licos M\u00e9xico, hongos terap\u00e9uticos M\u00e9xico, mejor calidad hongos m\u00e1gicos, hongos psilocibina calidad, hongos m\u00e1gicos para terapia, hongos psilocibina para bienestar, hongos psicod\u00e9licos legales, hongos alucin\u00f3genos legales M\u00e9xico, compra hongos m\u00e1gicos en l\u00ednea, tienda hongos m\u00e1gicos, venta de hongos psicod\u00e9licos, hongos psilocibina en M\u00e9xico, hongos m\u00e1gicos online, hongos alucin\u00f3genos terap\u00e9uticos, hongos m\u00e1gicos para crecimiento personal, hongos m\u00e1gicos con env\u00edo r\u00e1pido, hongos psilocibina precios, hongos m\u00e1gicos efectivos, hongos alucin\u00f3genos de calidad, hongos psicod\u00e9licos para meditaci\u00f3n, hongos terap\u00e9uticos para salud mental, hongos psilocibina en Monterrey, hongos m\u00e1gicos para introspecci\u00f3n, hongos alucin\u00f3genos para terapia, compra hongos m\u00e1gicos Monterrey, hongos psicod\u00e9licos para experiencias espirituales, hongos m\u00e1gicos confiables, hongos alucin\u00f3genos para bienestar","potentialAction":[{"@type":"SearchAction","target":{"@type":"EntryPoint","urlTemplate":"https:\/\/mexicotoad.com\/?s={search_term_string}"},"query-input":{"@type":"PropertyValueSpecification","valueRequired":true,"valueName":"search_term_string"}}],"inLanguage":"es"}]}},"_links":{"self":[{"href":"https:\/\/mexicotoad.com\/index.php\/wp-json\/wp\/v2\/pages\/59","targetHints":{"allow":["GET"]}}],"collection":[{"href":"https:\/\/mexicotoad.com\/index.php\/wp-json\/wp\/v2\/pages"}],"about":[{"href":"https:\/\/mexicotoad.com\/index.php\/wp-json\/wp\/v2\/types\/page"}],"author":[{"embeddable":true,"href":"https:\/\/mexicotoad.com\/index.php\/wp-json\/wp\/v2\/users\/1"}],"replies":[{"embeddable":true,"href":"https:\/\/mexicotoad.com\/index.php\/wp-json\/wp\/v2\/comments?post=59"}],"version-history":[{"count":1,"href":"https:\/\/mexicotoad.com\/index.php\/wp-json\/wp\/v2\/pages\/59\/revisions"}],"predecessor-version":[{"id":60,"href":"https:\/\/mexicotoad.com\/index.php\/wp-json\/wp\/v2\/pages\/59\/revisions\/60"}],"wp:attachment":[{"href":"https:\/\/mexicotoad.com\/index.php\/wp-json\/wp\/v2\/media?parent=59"}],"curies":[{"name":"wp","href":"https:\/\/api.w.org\/{rel}","templated":true}]}}