{"id":49,"date":"2024-02-24T18:13:29","date_gmt":"2024-02-24T18:13:29","guid":{"rendered":"https:\/\/mexicotoad.com\/?page_id=49"},"modified":"2024-02-24T18:13:29","modified_gmt":"2024-02-24T18:13:29","slug":"forma-de-envio-pago-payment","status":"publish","type":"page","link":"https:\/\/mexicotoad.com\/index.php\/forma-de-envio-pago-payment\/","title":{"rendered":"Forma de envio pago payment"},"content":{"rendered":"<div class=\"entry-header\">\n<h1 class=\"entry-title\"><a href=\"https:\/\/cdmx420.com\/index.php\/forma-de-envio-pago-payment\/\">Forma de Envio \u2013 Pago \u2013 PAyment<\/a><\/h1>\n<\/div>\n<div class=\"entry-meta-top cf\"><\/div>\n<div class=\"entry-content cf\">\n<div class=\"post-thumbnail\"><img loading=\"lazy\" decoding=\"async\" class=\"attachment-large size-large wp-post-image\" src=\"https:\/\/monterreymagico.com\/wp-content\/uploads\/2024\/02\/oxxo.jpeg\" alt=\"\" width=\"276\" height=\"183\" \/><\/div>\n<p><img loading=\"lazy\" decoding=\"async\" class=\"alignnone size-full wp-image-22\" src=\"http:\/\/monterreymagico.com\/wp-content\/uploads\/2024\/02\/criptomonedas.jpg\" alt=\"\" width=\"275\" height=\"183\" \/><img loading=\"lazy\" decoding=\"async\" class=\"alignnone size-medium wp-image-20\" src=\"http:\/\/monterreymagico.com\/wp-content\/uploads\/2024\/02\/BBVA_Bancomer_logo.svg_-300x123.png\" sizes=\"auto, (max-width: 300px) 100vw, 300px\" srcset=\"https:\/\/monterreymagico.com\/wp-content\/uploads\/2024\/02\/BBVA_Bancomer_logo.svg_-300x123.png 300w, https:\/\/monterreymagico.com\/wp-content\/uploads\/2024\/02\/BBVA_Bancomer_logo.svg_-1024x421.png 1024w, https:\/\/monterreymagico.com\/wp-content\/uploads\/2024\/02\/BBVA_Bancomer_logo.svg_-768x316.png 768w, https:\/\/monterreymagico.com\/wp-content\/uploads\/2024\/02\/BBVA_Bancomer_logo.svg_.png 1280w\" alt=\"\" width=\"300\" height=\"123\" \/><\/p>\n<p><img loading=\"lazy\" decoding=\"async\" class=\"alignnone size-full wp-image-37\" src=\"http:\/\/monterreymagico.com\/wp-content\/uploads\/2024\/02\/oxxo.jpeg\" alt=\"\" width=\"276\" height=\"183\" \/><\/p>\n<p><strong>Puedes pagarnos a traves de Oxxo, Transferencia, o Criptomonedas. Con total comodidad.<\/strong><\/p>\n<\/div>\n","protected":false},"excerpt":{"rendered":"<p>Forma de Envio \u2013 Pago \u2013 PAyment Puedes pagarnos a traves de Oxxo, Transferencia, o Criptomonedas. Con total comodidad.<\/p>\n","protected":false},"author":1,"featured_media":0,"parent":0,"menu_order":0,"comment_status":"closed","ping_status":"closed","template":"","meta":{"footnotes":""},"class_list":["post-49","page","type-page","status-publish","hentry"],"yoast_head":"<!-- This site is optimized with the Yoast SEO plugin v27.4 - https:\/\/yoast.com\/product\/yoast-seo-wordpress\/ -->\n<title>Forma de envio pago payment - Comprar Hongos Magicos Mexico - 420 Entrega en Casa y Envios Nacionales - Whatsapp: 00528135669557 \u2013 Eva Whatsapp Secundario : 00528132769756 Mike - Comprar Marihuana Monterrey Nuevo Leon San Pedro Garza Garcia- Entregas Monterrey - Envios Todo Mexico - 00528132769756 Whatsapp Alex - Comprar Hongos Psylocibe Mexico Envios Toda la Republica<\/title>\n<meta name=\"robots\" content=\"index, follow, max-snippet:-1, max-image-preview:large, max-video-preview:-1\" \/>\n<link rel=\"canonical\" href=\"https:\/\/mexicotoad.com\/index.php\/forma-de-envio-pago-payment\/\" \/>\n<meta property=\"og:locale\" content=\"es_ES\" \/>\n<meta property=\"og:type\" content=\"article\" \/>\n<meta property=\"og:title\" content=\"Forma de envio pago payment - Comprar Hongos Magicos Mexico - 420 Entrega en Casa y Envios Nacionales - Whatsapp: 00528135669557 \u2013 Eva Whatsapp Secundario : 00528132769756 Mike - Comprar Marihuana Monterrey Nuevo Leon San Pedro Garza Garcia- Entregas Monterrey - Envios Todo Mexico - 00528132769756 Whatsapp Alex - Comprar Hongos Psylocibe Mexico Envios Toda la Republica\" \/>\n<meta property=\"og:description\" content=\"Forma de Envio \u2013 Pago \u2013 PAyment Puedes pagarnos a traves de Oxxo, Transferencia, o Criptomonedas. Con total comodidad.\" \/>\n<meta property=\"og:url\" content=\"https:\/\/mexicotoad.com\/index.php\/forma-de-envio-pago-payment\/\" \/>\n<meta property=\"og:site_name\" content=\"Comprar Hongos Magicos Mexico - 420 Entrega en Casa y Envios Nacionales - Whatsapp: 00528135669557 \u2013 Eva Whatsapp Secundario : 00528132769756 Mike - Comprar Marihuana Monterrey Nuevo Leon San Pedro Garza Garcia- Entregas Monterrey - Envios Todo Mexico - 00528132769756 Whatsapp Alex - Comprar Hongos Psylocibe Mexico Envios Toda la Republica\" \/>\n<meta property=\"og:image\" content=\"https:\/\/monterreymagico.com\/wp-content\/uploads\/2024\/02\/oxxo.jpeg\" \/>\n<meta name=\"twitter:card\" content=\"summary_large_image\" \/>\n<meta name=\"twitter:label1\" content=\"Tiempo de lectura\" \/>\n\t<meta name=\"twitter:data1\" content=\"1 minuto\" \/>\n<script type=\"application\/ld+json\" class=\"yoast-schema-graph\">{\"@context\":\"https:\\\/\\\/schema.org\",\"@graph\":[{\"@type\":\"WebPage\",\"@id\":\"https:\\\/\\\/mexicotoad.com\\\/index.php\\\/forma-de-envio-pago-payment\\\/\",\"url\":\"https:\\\/\\\/mexicotoad.com\\\/index.php\\\/forma-de-envio-pago-payment\\\/\",\"name\":\"Forma de envio pago payment - Comprar Hongos Magicos Mexico - 420 Entrega en Casa y Envios Nacionales - Whatsapp: 00528135669557 \u2013 Eva Whatsapp Secundario : 00528132769756 Mike - Comprar Marihuana Monterrey Nuevo Leon San Pedro Garza Garcia- Entregas Monterrey - Envios Todo Mexico - 00528132769756 Whatsapp Alex - Comprar Hongos Psylocibe Mexico Envios Toda la Republica\",\"isPartOf\":{\"@id\":\"https:\\\/\\\/mexicotoad.com\\\/#website\"},\"primaryImageOfPage\":{\"@id\":\"https:\\\/\\\/mexicotoad.com\\\/index.php\\\/forma-de-envio-pago-payment\\\/#primaryimage\"},\"image\":{\"@id\":\"https:\\\/\\\/mexicotoad.com\\\/index.php\\\/forma-de-envio-pago-payment\\\/#primaryimage\"},\"thumbnailUrl\":\"https:\\\/\\\/monterreymagico.com\\\/wp-content\\\/uploads\\\/2024\\\/02\\\/oxxo.jpeg\",\"datePublished\":\"2024-02-24T18:13:29+00:00\",\"breadcrumb\":{\"@id\":\"https:\\\/\\\/mexicotoad.com\\\/index.php\\\/forma-de-envio-pago-payment\\\/#breadcrumb\"},\"inLanguage\":\"es\",\"potentialAction\":[{\"@type\":\"ReadAction\",\"target\":[\"https:\\\/\\\/mexicotoad.com\\\/index.php\\\/forma-de-envio-pago-payment\\\/\"]}]},{\"@type\":\"ImageObject\",\"inLanguage\":\"es\",\"@id\":\"https:\\\/\\\/mexicotoad.com\\\/index.php\\\/forma-de-envio-pago-payment\\\/#primaryimage\",\"url\":\"https:\\\/\\\/monterreymagico.com\\\/wp-content\\\/uploads\\\/2024\\\/02\\\/oxxo.jpeg\",\"contentUrl\":\"https:\\\/\\\/monterreymagico.com\\\/wp-content\\\/uploads\\\/2024\\\/02\\\/oxxo.jpeg\"},{\"@type\":\"BreadcrumbList\",\"@id\":\"https:\\\/\\\/mexicotoad.com\\\/index.php\\\/forma-de-envio-pago-payment\\\/#breadcrumb\",\"itemListElement\":[{\"@type\":\"ListItem\",\"position\":1,\"name\":\"Portada\",\"item\":\"https:\\\/\\\/mexicotoad.com\\\/\"},{\"@type\":\"ListItem\",\"position\":2,\"name\":\"Forma de envio pago payment\"}]},{\"@type\":\"WebSite\",\"@id\":\"https:\\\/\\\/mexicotoad.com\\\/#website\",\"url\":\"https:\\\/\\\/mexicotoad.com\\\/\",\"name\":\"Comprar Hongos Magicos Mexico - 420 Entrega en Casa y Envios Nacionales - Whatsapp: 00528135669557 \u2013 Eva Whatsapp Secundario : 00528132769756 Mike - Comprar Marihuana Monterrey Nuevo Leon San Pedro Garza Garcia- Entregas Monterrey - Envios Todo Mexico - 00528132769756 Whatsapp Alex - Comprar Hongos Psylocibe Mexico Envios Toda la Republica\",\"description\":\"hongos psicod\u00e9licos, hongos m\u00e1gicos, hongos terap\u00e9uticos, compra hongos psicod\u00e9licos, hongos alucin\u00f3genos, hongos psilocibina, hongos m\u00e1gicos de calidad, hongos alucin\u00f3genos M\u00e9xico, hongos m\u00e1gicos Monterrey, hongos psicod\u00e9licos M\u00e9xico, hongos terap\u00e9uticos M\u00e9xico, mejor calidad hongos m\u00e1gicos, hongos psilocibina calidad, hongos m\u00e1gicos para terapia, hongos psilocibina para bienestar, hongos psicod\u00e9licos legales, hongos alucin\u00f3genos legales M\u00e9xico, compra hongos m\u00e1gicos en l\u00ednea, tienda hongos m\u00e1gicos, venta de hongos psicod\u00e9licos, hongos psilocibina en M\u00e9xico, hongos m\u00e1gicos online, hongos alucin\u00f3genos terap\u00e9uticos, hongos m\u00e1gicos para crecimiento personal, hongos m\u00e1gicos con env\u00edo r\u00e1pido, hongos psilocibina precios, hongos m\u00e1gicos efectivos, hongos alucin\u00f3genos de calidad, hongos psicod\u00e9licos para meditaci\u00f3n, hongos terap\u00e9uticos para salud mental, hongos psilocibina en Monterrey, hongos m\u00e1gicos para introspecci\u00f3n, hongos alucin\u00f3genos para terapia, compra hongos m\u00e1gicos Monterrey, hongos psicod\u00e9licos para experiencias espirituales, hongos m\u00e1gicos confiables, hongos alucin\u00f3genos para bienestar\",\"potentialAction\":[{\"@type\":\"SearchAction\",\"target\":{\"@type\":\"EntryPoint\",\"urlTemplate\":\"https:\\\/\\\/mexicotoad.com\\\/?s={search_term_string}\"},\"query-input\":{\"@type\":\"PropertyValueSpecification\",\"valueRequired\":true,\"valueName\":\"search_term_string\"}}],\"inLanguage\":\"es\"}]}<\/script>\n<!-- \/ Yoast SEO plugin. -->","yoast_head_json":{"title":"Forma de envio pago payment - Comprar Hongos Magicos Mexico - 420 Entrega en Casa y Envios Nacionales - Whatsapp: 00528135669557 \u2013 Eva Whatsapp Secundario : 00528132769756 Mike - Comprar Marihuana Monterrey Nuevo Leon San Pedro Garza Garcia- Entregas Monterrey - Envios Todo Mexico - 00528132769756 Whatsapp Alex - Comprar Hongos Psylocibe Mexico Envios Toda la Republica","robots":{"index":"index","follow":"follow","max-snippet":"max-snippet:-1","max-image-preview":"max-image-preview:large","max-video-preview":"max-video-preview:-1"},"canonical":"https:\/\/mexicotoad.com\/index.php\/forma-de-envio-pago-payment\/","og_locale":"es_ES","og_type":"article","og_title":"Forma de envio pago payment - Comprar Hongos Magicos Mexico - 420 Entrega en Casa y Envios Nacionales - Whatsapp: 00528135669557 \u2013 Eva Whatsapp Secundario : 00528132769756 Mike - Comprar Marihuana Monterrey Nuevo Leon San Pedro Garza Garcia- Entregas Monterrey - Envios Todo Mexico - 00528132769756 Whatsapp Alex - Comprar Hongos Psylocibe Mexico Envios Toda la Republica","og_description":"Forma de Envio \u2013 Pago \u2013 PAyment Puedes pagarnos a traves de Oxxo, Transferencia, o Criptomonedas. Con total comodidad.","og_url":"https:\/\/mexicotoad.com\/index.php\/forma-de-envio-pago-payment\/","og_site_name":"Comprar Hongos Magicos Mexico - 420 Entrega en Casa y Envios Nacionales - Whatsapp: 00528135669557 \u2013 Eva Whatsapp Secundario : 00528132769756 Mike - Comprar Marihuana Monterrey Nuevo Leon San Pedro Garza Garcia- Entregas Monterrey - Envios Todo Mexico - 00528132769756 Whatsapp Alex - Comprar Hongos Psylocibe Mexico Envios Toda la Republica","og_image":[{"url":"https:\/\/monterreymagico.com\/wp-content\/uploads\/2024\/02\/oxxo.jpeg","type":"","width":"","height":""}],"twitter_card":"summary_large_image","twitter_misc":{"Tiempo de lectura":"1 minuto"},"schema":{"@context":"https:\/\/schema.org","@graph":[{"@type":"WebPage","@id":"https:\/\/mexicotoad.com\/index.php\/forma-de-envio-pago-payment\/","url":"https:\/\/mexicotoad.com\/index.php\/forma-de-envio-pago-payment\/","name":"Forma de envio pago payment - Comprar Hongos Magicos Mexico - 420 Entrega en Casa y Envios Nacionales - Whatsapp: 00528135669557 \u2013 Eva Whatsapp Secundario : 00528132769756 Mike - Comprar Marihuana Monterrey Nuevo Leon San Pedro Garza Garcia- Entregas Monterrey - Envios Todo Mexico - 00528132769756 Whatsapp Alex - Comprar Hongos Psylocibe Mexico Envios Toda la Republica","isPartOf":{"@id":"https:\/\/mexicotoad.com\/#website"},"primaryImageOfPage":{"@id":"https:\/\/mexicotoad.com\/index.php\/forma-de-envio-pago-payment\/#primaryimage"},"image":{"@id":"https:\/\/mexicotoad.com\/index.php\/forma-de-envio-pago-payment\/#primaryimage"},"thumbnailUrl":"https:\/\/monterreymagico.com\/wp-content\/uploads\/2024\/02\/oxxo.jpeg","datePublished":"2024-02-24T18:13:29+00:00","breadcrumb":{"@id":"https:\/\/mexicotoad.com\/index.php\/forma-de-envio-pago-payment\/#breadcrumb"},"inLanguage":"es","potentialAction":[{"@type":"ReadAction","target":["https:\/\/mexicotoad.com\/index.php\/forma-de-envio-pago-payment\/"]}]},{"@type":"ImageObject","inLanguage":"es","@id":"https:\/\/mexicotoad.com\/index.php\/forma-de-envio-pago-payment\/#primaryimage","url":"https:\/\/monterreymagico.com\/wp-content\/uploads\/2024\/02\/oxxo.jpeg","contentUrl":"https:\/\/monterreymagico.com\/wp-content\/uploads\/2024\/02\/oxxo.jpeg"},{"@type":"BreadcrumbList","@id":"https:\/\/mexicotoad.com\/index.php\/forma-de-envio-pago-payment\/#breadcrumb","itemListElement":[{"@type":"ListItem","position":1,"name":"Portada","item":"https:\/\/mexicotoad.com\/"},{"@type":"ListItem","position":2,"name":"Forma de envio pago payment"}]},{"@type":"WebSite","@id":"https:\/\/mexicotoad.com\/#website","url":"https:\/\/mexicotoad.com\/","name":"Comprar Hongos Magicos Mexico - 420 Entrega en Casa y Envios Nacionales - Whatsapp: 00528135669557 \u2013 Eva Whatsapp Secundario : 00528132769756 Mike - Comprar Marihuana Monterrey Nuevo Leon San Pedro Garza Garcia- Entregas Monterrey - Envios Todo Mexico - 00528132769756 Whatsapp Alex - Comprar Hongos Psylocibe Mexico Envios Toda la Republica","description":"hongos psicod\u00e9licos, hongos m\u00e1gicos, hongos terap\u00e9uticos, compra hongos psicod\u00e9licos, hongos alucin\u00f3genos, hongos psilocibina, hongos m\u00e1gicos de calidad, hongos alucin\u00f3genos M\u00e9xico, hongos m\u00e1gicos Monterrey, hongos psicod\u00e9licos M\u00e9xico, hongos terap\u00e9uticos M\u00e9xico, mejor calidad hongos m\u00e1gicos, hongos psilocibina calidad, hongos m\u00e1gicos para terapia, hongos psilocibina para bienestar, hongos psicod\u00e9licos legales, hongos alucin\u00f3genos legales M\u00e9xico, compra hongos m\u00e1gicos en l\u00ednea, tienda hongos m\u00e1gicos, venta de hongos psicod\u00e9licos, hongos psilocibina en M\u00e9xico, hongos m\u00e1gicos online, hongos alucin\u00f3genos terap\u00e9uticos, hongos m\u00e1gicos para crecimiento personal, hongos m\u00e1gicos con env\u00edo r\u00e1pido, hongos psilocibina precios, hongos m\u00e1gicos efectivos, hongos alucin\u00f3genos de calidad, hongos psicod\u00e9licos para meditaci\u00f3n, hongos terap\u00e9uticos para salud mental, hongos psilocibina en Monterrey, hongos m\u00e1gicos para introspecci\u00f3n, hongos alucin\u00f3genos para terapia, compra hongos m\u00e1gicos Monterrey, hongos psicod\u00e9licos para experiencias espirituales, hongos m\u00e1gicos confiables, hongos alucin\u00f3genos para bienestar","potentialAction":[{"@type":"SearchAction","target":{"@type":"EntryPoint","urlTemplate":"https:\/\/mexicotoad.com\/?s={search_term_string}"},"query-input":{"@type":"PropertyValueSpecification","valueRequired":true,"valueName":"search_term_string"}}],"inLanguage":"es"}]}},"_links":{"self":[{"href":"https:\/\/mexicotoad.com\/index.php\/wp-json\/wp\/v2\/pages\/49","targetHints":{"allow":["GET"]}}],"collection":[{"href":"https:\/\/mexicotoad.com\/index.php\/wp-json\/wp\/v2\/pages"}],"about":[{"href":"https:\/\/mexicotoad.com\/index.php\/wp-json\/wp\/v2\/types\/page"}],"author":[{"embeddable":true,"href":"https:\/\/mexicotoad.com\/index.php\/wp-json\/wp\/v2\/users\/1"}],"replies":[{"embeddable":true,"href":"https:\/\/mexicotoad.com\/index.php\/wp-json\/wp\/v2\/comments?post=49"}],"version-history":[{"count":1,"href":"https:\/\/mexicotoad.com\/index.php\/wp-json\/wp\/v2\/pages\/49\/revisions"}],"predecessor-version":[{"id":50,"href":"https:\/\/mexicotoad.com\/index.php\/wp-json\/wp\/v2\/pages\/49\/revisions\/50"}],"wp:attachment":[{"href":"https:\/\/mexicotoad.com\/index.php\/wp-json\/wp\/v2\/media?parent=49"}],"curies":[{"name":"wp","href":"https:\/\/api.w.org\/{rel}","templated":true}]}}